{"id":13,"date":"2018-06-13T20:43:49","date_gmt":"2018-06-13T20:43:49","guid":{"rendered":"http:\/\/ivt-esslingen.de\/?page_id=13"},"modified":"2018-06-16T04:18:53","modified_gmt":"2018-06-16T04:18:53","slug":"service","status":"publish","type":"page","link":"https:\/\/ivt-esslingen.de\/?page_id=13","title":{"rendered":"SERVICE"},"content":{"rendered":"<p>\u00a0 \u00a0 \u00a0 \u00a0 \u00a0 \u00a0 \u00a0 \u00a0 \u00a0 \u00a0 \u00a0 \u00a0 \u00a0 \u00a0 \u00a0 \u00a0 \u00a0 \u00a0 \u00a0 \u00a0 \u00a0 \u00a0 \u00a0 \u00a0 \u00a0 \u00a0 \u00a0 \u00a0 \u00a0 \u00a0 \u00a0 \u00a0 \u00a0 \u00a0 \u00a0 \u00a0 \u00a0 \u00a0 Oberfl\u00e4chenanalytik &nbsp; &nbsp; &nbsp; Untersuchungen der Eigenschaften von Oberfl\u00e4chen und d\u00fcnnen Schichten wie Morphologie, chemischer Zusammensetzung, Kristallstruktur und andere Eigenschaf <a href=\"https:\/\/ivt-esslingen.de\/?page_id=13\" title=\"Read more on SERVICE\" class=\"more-link\">read more<\/a><\/p>\n","protected":false},"excerpt":{"rendered":"<p>\u00a0 \u00a0 \u00a0 \u00a0 \u00a0 \u00a0 \u00a0 \u00a0 \u00a0 \u00a0 \u00a0 \u00a0 \u00a0 \u00a0 \u00a0 \u00a0 \u00a0 \u00a0 \u00a0 \u00a0 \u00a0 \u00a0 \u00a0 \u00a0 \u00a0 \u00a0 \u00a0 \u00a0 \u00a0 \u00a0 \u00a0 \u00a0 \u00a0 \u00a0 \u00a0 \u00a0 \u00a0 \u00a0 Oberfl\u00e4chenanalytik &nbsp; &nbsp; &nbsp; Untersuchungen der Eigenschaften von Oberfl\u00e4chen und d\u00fcnnen Schichten wie Morphologie, chemischer Zusammensetzung, Kristallstruktur &hellip;<\/p>\n","protected":false},"author":1,"featured_media":0,"parent":0,"menu_order":0,"comment_status":"closed","ping_status":"closed","template":"","meta":{"footnotes":""},"class_list":["post-13","page","type-page","status-publish","hentry","no-thumb"],"_links":{"self":[{"href":"https:\/\/ivt-esslingen.de\/index.php?rest_route=\/wp\/v2\/pages\/13","targetHints":{"allow":["GET"]}}],"collection":[{"href":"https:\/\/ivt-esslingen.de\/index.php?rest_route=\/wp\/v2\/pages"}],"about":[{"href":"https:\/\/ivt-esslingen.de\/index.php?rest_route=\/wp\/v2\/types\/page"}],"author":[{"embeddable":true,"href":"https:\/\/ivt-esslingen.de\/index.php?rest_route=\/wp\/v2\/users\/1"}],"replies":[{"embeddable":true,"href":"https:\/\/ivt-esslingen.de\/index.php?rest_route=%2Fwp%2Fv2%2Fcomments&post=13"}],"version-history":[{"count":70,"href":"https:\/\/ivt-esslingen.de\/index.php?rest_route=\/wp\/v2\/pages\/13\/revisions"}],"predecessor-version":[{"id":431,"href":"https:\/\/ivt-esslingen.de\/index.php?rest_route=\/wp\/v2\/pages\/13\/revisions\/431"}],"wp:attachment":[{"href":"https:\/\/ivt-esslingen.de\/index.php?rest_route=%2Fwp%2Fv2%2Fmedia&parent=13"}],"curies":[{"name":"wp","href":"https:\/\/api.w.org\/{rel}","templated":true}]}}