{"id":15,"date":"2018-06-13T20:43:49","date_gmt":"2018-06-13T20:43:49","guid":{"rendered":"http:\/\/ivt-esslingen.de\/?page_id=15"},"modified":"2025-01-27T12:38:32","modified_gmt":"2025-01-27T12:38:32","slug":"kontakt","status":"publish","type":"page","link":"https:\/\/ivt-esslingen.de\/?page_id=15","title":{"rendered":"KONTAKT"},"content":{"rendered":"<p>Anschrift IVT\u00a0| Institut f\u00fcr Ionenstrahl und Vakuumverfahrenstechnik e.V. Fritz-M\u00fcller-Stra\u00dfe 137 D-73730 Esslingen Fon: +49.711.504 32 903 Fax: +49.711.504 33 677 Web: www.ivt-esslingen.de eMail:\u00a0info@ivt-esslingen.de &nbsp; Registergericht Esslingen VR: 1366 Steuer Nr <a href=\"https:\/\/ivt-esslingen.de\/?page_id=15\" title=\"Read more on KONTAKT\" class=\"more-link\">read more<\/a><\/p>\n","protected":false},"excerpt":{"rendered":"<p>Anschrift IVT\u00a0| Institut f\u00fcr Ionenstrahl und Vakuumverfahrenstechnik e.V. Fritz-M\u00fcller-Stra\u00dfe 137 D-73730 Esslingen Fon: +49.711.504 32 903 Fax: +49.711.504 33 677 Web: www.ivt-esslingen.de eMail:\u00a0info@ivt-esslingen.de &nbsp; Registergericht Esslingen VR: 1366 Steuer Nr read more<\/p>\n","protected":false},"author":1,"featured_media":0,"parent":0,"menu_order":0,"comment_status":"closed","ping_status":"closed","template":"","meta":{"footnotes":""},"class_list":["post-15","page","type-page","status-publish","hentry","no-thumb"],"_links":{"self":[{"href":"https:\/\/ivt-esslingen.de\/index.php?rest_route=\/wp\/v2\/pages\/15","targetHints":{"allow":["GET"]}}],"collection":[{"href":"https:\/\/ivt-esslingen.de\/index.php?rest_route=\/wp\/v2\/pages"}],"about":[{"href":"https:\/\/ivt-esslingen.de\/index.php?rest_route=\/wp\/v2\/types\/page"}],"author":[{"embeddable":true,"href":"https:\/\/ivt-esslingen.de\/index.php?rest_route=\/wp\/v2\/users\/1"}],"replies":[{"embeddable":true,"href":"https:\/\/ivt-esslingen.de\/index.php?rest_route=%2Fwp%2Fv2%2Fcomments&post=15"}],"version-history":[{"count":31,"href":"https:\/\/ivt-esslingen.de\/index.php?rest_route=\/wp\/v2\/pages\/15\/revisions"}],"predecessor-version":[{"id":499,"href":"https:\/\/ivt-esslingen.de\/index.php?rest_route=\/wp\/v2\/pages\/15\/revisions\/499"}],"wp:attachment":[{"href":"https:\/\/ivt-esslingen.de\/index.php?rest_route=%2Fwp%2Fv2%2Fmedia&parent=15"}],"curies":[{"name":"wp","href":"https:\/\/api.w.org\/{rel}","templated":true}]}}